{"id":464,"date":"2024-02-26T09:49:48","date_gmt":"2024-02-26T09:49:48","guid":{"rendered":"https:\/\/www.niemisofa.ee\/?page_id=464"},"modified":"2024-05-14T11:27:14","modified_gmt":"2024-05-14T11:27:14","slug":"etusivu","status":"publish","type":"page","link":"https:\/\/www.niemisofa.ee\/de\/","title":{"rendered":"Titelseite"},"content":{"rendered":"\t\t<div data-elementor-type=\"wp-post\" data-elementor-id=\"464\" class=\"elementor elementor-464\" data-elementor-settings=\"{&quot;ha_cmc_init_switcher&quot;:&quot;no&quot;}\" data-elementor-post-type=\"page\">\n\t\t\t\t<div class=\"elementor-element elementor-element-0f75841 e-con-full e-flex e-con e-parent\" data-id=\"0f75841\" data-element_type=\"container\" id=\"front-page-hero\" data-settings=\"{&quot;content_width&quot;:&quot;full&quot;,&quot;background_background&quot;:&quot;classic&quot;,&quot;_ha_eqh_enable&quot;:false}\" data-core-v316-plus=\"true\">\n\t\t<div class=\"elementor-element elementor-element-0452fb8 e-con-full e-flex e-con e-child\" data-id=\"0452fb8\" data-element_type=\"container\" data-settings=\"{&quot;content_width&quot;:&quot;full&quot;,&quot;_ha_eqh_enable&quot;:false}\">\n\t\t\t\t<div class=\"elementor-element elementor-element-0b7cad0 elementor-widget elementor-widget-text-editor\" data-id=\"0b7cad0\" data-element_type=\"widget\" data-widget_type=\"text-editor.default\">\n\t\t\t\t<div class=\"elementor-widget-container\">\n\t\t\t<style>\/*! elementor - v3.19.0 - 28-02-2024 *\/\n.elementor-widget-text-editor.elementor-drop-cap-view-stacked .elementor-drop-cap{background-color:#69727d;color:#fff}.elementor-widget-text-editor.elementor-drop-cap-view-framed .elementor-drop-cap{color:#69727d;border:3px solid;background-color:transparent}.elementor-widget-text-editor:not(.elementor-drop-cap-view-default) .elementor-drop-cap{margin-top:8px}.elementor-widget-text-editor:not(.elementor-drop-cap-view-default) .elementor-drop-cap-letter{width:1em;height:1em}.elementor-widget-text-editor .elementor-drop-cap{float:left;text-align:center;line-height:1;font-size:50px}.elementor-widget-text-editor .elementor-drop-cap-letter{display:inline-block}<\/style>\t\t\t\t<h1 class=\"shrink-mobile-content\">NIEMI SOFA<\/h1>\n<h3>Muotoiltu intohimolla, luotu kest\u00e4v\u00e4ksi<\/h3>\t\t\t\t\t\t<\/div>\n\t\t\t\t<\/div>\n\t\t\t\t<\/div>\n\t\t<div class=\"elementor-element elementor-element-b4793a1 e-con-full e-flex e-con e-child\" data-id=\"b4793a1\" data-element_type=\"container\" data-settings=\"{&quot;content_width&quot;:&quot;full&quot;,&quot;_ha_eqh_enable&quot;:false}\">\n\t\t\t\t<div class=\"elementor-element elementor-element-bf23353 elementor-align-justify elementor-widget__width-initial link-btn elementor-mobile-align-justify elementor-widget elementor-widget-button\" data-id=\"bf23353\" data-element_type=\"widget\" data-widget_type=\"button.default\">\n\t\t\t\t<div class=\"elementor-widget-container\">\n\t\t\t\t\t<div class=\"elementor-button-wrapper\">\n\t\t\t<a class=\"elementor-button elementor-button-link elementor-size-md\" href=\"https:\/\/www.niemisofa.ee\/de\/kategoria\/kalusteet-julkitiloihin\/\">\n\t\t\t\t\t\t<span class=\"elementor-button-content-wrapper\">\n\t\t\t\t\t\t<span class=\"elementor-button-text\"><b>KALUSTEET JULKITILOIHIN<\/b><\/span>\n\t\t<\/span>\n\t\t\t\t\t<\/a>\n\t\t<\/div>\n\t\t\t\t<\/div>\n\t\t\t\t<\/div>\n\t\t\t\t<div class=\"elementor-element elementor-element-ef63924 elementor-align-justify elementor-widget__width-initial link-btn elementor-mobile-align-justify elementor-widget elementor-widget-button\" data-id=\"ef63924\" data-element_type=\"widget\" data-widget_type=\"button.default\">\n\t\t\t\t<div class=\"elementor-widget-container\">\n\t\t\t\t\t<div class=\"elementor-button-wrapper\">\n\t\t\t<a class=\"elementor-button elementor-button-link elementor-size-md\" href=\"https:\/\/www.niemisofa.ee\/de\/kategoria\/kalusteet-kotiin\/\">\n\t\t\t\t\t\t<span class=\"elementor-button-content-wrapper\">\n\t\t\t\t\t\t<span class=\"elementor-button-text\"><b>KALUSTEET KOTIIN<\/b><\/span>\n\t\t<\/span>\n\t\t\t\t\t<\/a>\n\t\t<\/div>\n\t\t\t\t<\/div>\n\t\t\t\t<\/div>\n\t\t\t\t<\/div>\n\t\t\t\t<\/div>\n\t\t<div class=\"elementor-element elementor-element-d2d8f32 e-flex e-con-boxed e-con e-parent\" data-id=\"d2d8f32\" data-element_type=\"container\" data-settings=\"{&quot;content_width&quot;:&quot;boxed&quot;,&quot;_ha_eqh_enable&quot;:false}\" data-core-v316-plus=\"true\">\n\t\t\t\t\t<div class=\"e-con-inner\">\n\t\t\t\t<div class=\"elementor-element elementor-element-1cdcf16 elementor-widget-mobile__width-initial elementor-widget elementor-widget-text-editor\" data-id=\"1cdcf16\" data-element_type=\"widget\" data-widget_type=\"text-editor.default\">\n\t\t\t\t<div class=\"elementor-widget-container\">\n\t\t\t\t\t\t\t<p>Yksil\u00f6llist\u00e4 valmistusta,<br \/>kest\u00e4v\u00e4\u00e4 laatua<\/p>\t\t\t\t\t\t<\/div>\n\t\t\t\t<\/div>\n\t\t\t\t\t<\/div>\n\t\t\t\t<\/div>\n\t\t<div class=\"elementor-element elementor-element-a675dd0 e-flex e-con-boxed e-con e-parent\" data-id=\"a675dd0\" data-element_type=\"container\" data-settings=\"{&quot;content_width&quot;:&quot;boxed&quot;,&quot;_ha_eqh_enable&quot;:false}\" data-core-v316-plus=\"true\">\n\t\t\t\t\t<div class=\"e-con-inner\">\n\t\t\t\t<div class=\"elementor-element elementor-element-4b42f3c elementor-widget-divider--view-line elementor-widget elementor-widget-divider\" data-id=\"4b42f3c\" data-element_type=\"widget\" data-widget_type=\"divider.default\">\n\t\t\t\t<div class=\"elementor-widget-container\">\n\t\t\t<style>\/*! elementor - v3.19.0 - 28-02-2024 *\/\n.elementor-widget-divider{--divider-border-style:none;--divider-border-width:1px;--divider-color:#0c0d0e;--divider-icon-size:20px;--divider-element-spacing:10px;--divider-pattern-height:24px;--divider-pattern-size:20px;--divider-pattern-url:none;--divider-pattern-repeat:repeat-x}.elementor-widget-divider .elementor-divider{display:flex}.elementor-widget-divider .elementor-divider__text{font-size:15px;line-height:1;max-width:95%}.elementor-widget-divider .elementor-divider__element{margin:0 var(--divider-element-spacing);flex-shrink:0}.elementor-widget-divider .elementor-icon{font-size:var(--divider-icon-size)}.elementor-widget-divider .elementor-divider-separator{display:flex;margin:0;direction:ltr}.elementor-widget-divider--view-line_icon .elementor-divider-separator,.elementor-widget-divider--view-line_text .elementor-divider-separator{align-items:center}.elementor-widget-divider--view-line_icon .elementor-divider-separator:after,.elementor-widget-divider--view-line_icon .elementor-divider-separator:before,.elementor-widget-divider--view-line_text .elementor-divider-separator:after,.elementor-widget-divider--view-line_text .elementor-divider-separator:before{display:block;content:\"\";border-block-end:0;flex-grow:1;border-block-start:var(--divider-border-width) var(--divider-border-style) var(--divider-color)}.elementor-widget-divider--element-align-left .elementor-divider .elementor-divider-separator>.elementor-divider__svg:first-of-type{flex-grow:0;flex-shrink:100}.elementor-widget-divider--element-align-left .elementor-divider-separator:before{content:none}.elementor-widget-divider--element-align-left .elementor-divider__element{margin-left:0}.elementor-widget-divider--element-align-right .elementor-divider .elementor-divider-separator>.elementor-divider__svg:last-of-type{flex-grow:0;flex-shrink:100}.elementor-widget-divider--element-align-right .elementor-divider-separator:after{content:none}.elementor-widget-divider--element-align-right .elementor-divider__element{margin-right:0}.elementor-widget-divider--element-align-start .elementor-divider .elementor-divider-separator>.elementor-divider__svg:first-of-type{flex-grow:0;flex-shrink:100}.elementor-widget-divider--element-align-start .elementor-divider-separator:before{content:none}.elementor-widget-divider--element-align-start .elementor-divider__element{margin-inline-start:0}.elementor-widget-divider--element-align-end .elementor-divider .elementor-divider-separator>.elementor-divider__svg:last-of-type{flex-grow:0;flex-shrink:100}.elementor-widget-divider--element-align-end .elementor-divider-separator:after{content:none}.elementor-widget-divider--element-align-end .elementor-divider__element{margin-inline-end:0}.elementor-widget-divider:not(.elementor-widget-divider--view-line_text):not(.elementor-widget-divider--view-line_icon) .elementor-divider-separator{border-block-start:var(--divider-border-width) var(--divider-border-style) var(--divider-color)}.elementor-widget-divider--separator-type-pattern{--divider-border-style:none}.elementor-widget-divider--separator-type-pattern.elementor-widget-divider--view-line .elementor-divider-separator,.elementor-widget-divider--separator-type-pattern:not(.elementor-widget-divider--view-line) .elementor-divider-separator:after,.elementor-widget-divider--separator-type-pattern:not(.elementor-widget-divider--view-line) .elementor-divider-separator:before,.elementor-widget-divider--separator-type-pattern:not([class*=elementor-widget-divider--view]) .elementor-divider-separator{width:100%;min-height:var(--divider-pattern-height);-webkit-mask-size:var(--divider-pattern-size) 100%;mask-size:var(--divider-pattern-size) 100%;-webkit-mask-repeat:var(--divider-pattern-repeat);mask-repeat:var(--divider-pattern-repeat);background-color:var(--divider-color);-webkit-mask-image:var(--divider-pattern-url);mask-image:var(--divider-pattern-url)}.elementor-widget-divider--no-spacing{--divider-pattern-size:auto}.elementor-widget-divider--bg-round{--divider-pattern-repeat:round}.rtl .elementor-widget-divider .elementor-divider__text{direction:rtl}.e-con-inner>.elementor-widget-divider,.e-con>.elementor-widget-divider{width:var(--container-widget-width,100%);--flex-grow:var(--container-widget-flex-grow)}<\/style>\t\t<div class=\"elementor-divider\">\n\t\t\t<span class=\"elementor-divider-separator\">\n\t\t\t\t\t\t<\/span>\n\t\t<\/div>\n\t\t\t\t<\/div>\n\t\t\t\t<\/div>\n\t\t\t\t\t<\/div>\n\t\t\t\t<\/div>\n\t\t<div class=\"elementor-element elementor-element-1c4d7f8 e-con-full e-flex e-con e-parent\" data-id=\"1c4d7f8\" data-element_type=\"container\" data-settings=\"{&quot;content_width&quot;:&quot;full&quot;,&quot;background_background&quot;:&quot;classic&quot;,&quot;_ha_eqh_enable&quot;:false}\" data-core-v316-plus=\"true\">\n\t\t\t\t<div class=\"elementor-element elementor-element-eb778dc elementor-widget__width-initial elementor-widget elementor-widget-text-editor\" data-id=\"eb778dc\" data-element_type=\"widget\" data-widget_type=\"text-editor.default\">\n\t\t\t\t<div class=\"elementor-widget-container\">\n\t\t\t\t\t\t\t<h3>Luomme ammattitaidolla ja intohimolla laadukkaita, kest\u00e4vi\u00e4 sek\u00e4 tyylikk\u00e4it\u00e4 verhoiltuja kalusteita.<\/h3>\t\t\t\t\t\t<\/div>\n\t\t\t\t<\/div>\n\t\t\t\t<div class=\"elementor-element elementor-element-76a18d5 elementor-align-justify elementor-widget__width-initial link-btn elementor-widget elementor-widget-button\" data-id=\"76a18d5\" data-element_type=\"widget\" data-widget_type=\"button.default\">\n\t\t\t\t<div class=\"elementor-widget-container\">\n\t\t\t\t\t<div class=\"elementor-button-wrapper\">\n\t\t\t<a class=\"elementor-button elementor-button-link elementor-size-xl\" href=\"https:\/\/www.niemisofa.ee\/de\/meista\/\">\n\t\t\t\t\t\t<span class=\"elementor-button-content-wrapper\">\n\t\t\t\t\t\t<span class=\"elementor-button-text\"><b>MEIST\u00c4<\/b><\/span>\n\t\t<\/span>\n\t\t\t\t\t<\/a>\n\t\t<\/div>\n\t\t\t\t<\/div>\n\t\t\t\t<\/div>\n\t\t\t\t<\/div>\n\t\t<div class=\"elementor-element elementor-element-b368b94 e-con-full e-flex e-con e-parent\" data-id=\"b368b94\" data-element_type=\"container\" data-settings=\"{&quot;content_width&quot;:&quot;full&quot;,&quot;background_background&quot;:&quot;classic&quot;,&quot;_ha_eqh_enable&quot;:false}\" data-core-v316-plus=\"true\">\n\t\t\t\t<div class=\"elementor-element elementor-element-56eeabe elementor-widget__width-initial elementor-widget elementor-widget-text-editor\" data-id=\"56eeabe\" data-element_type=\"widget\" data-widget_type=\"text-editor.default\">\n\t\t\t\t<div class=\"elementor-widget-container\">\n\t\t\t\t\t\t\t<h3 class=\"align-desktop-img-text\">Yhdist\u00e4mme k\u00e4sity\u00f6osaamisen moderneihin alan trendeihin ja toimivaan designiin tarjoten ainutlaatuisia ja r\u00e4\u00e4t\u00e4l\u00f6ityj\u00e4 kalusteratkaisuja.<\/h3>\t\t\t\t\t\t<\/div>\n\t\t\t\t<\/div>\n\t\t\t\t<div class=\"elementor-element elementor-element-3182885 elementor-align-justify elementor-widget__width-initial link-btn elementor-widget elementor-widget-button\" data-id=\"3182885\" data-element_type=\"widget\" data-widget_type=\"button.default\">\n\t\t\t\t<div class=\"elementor-widget-container\">\n\t\t\t\t\t<div class=\"elementor-button-wrapper\">\n\t\t\t<a class=\"elementor-button elementor-button-link elementor-size-xl\" href=\"https:\/\/www.niemisofa.ee\/de\/referenssit\/\">\n\t\t\t\t\t\t<span class=\"elementor-button-content-wrapper\">\n\t\t\t\t\t\t<span class=\"elementor-button-text\"><b>REFERENSSIT<\/b><\/span>\n\t\t<\/span>\n\t\t\t\t\t<\/a>\n\t\t<\/div>\n\t\t\t\t<\/div>\n\t\t\t\t<\/div>\n\t\t\t\t<\/div>\n\t\t<div class=\"elementor-element elementor-element-f9a0051 e-flex e-con-boxed e-con e-parent\" data-id=\"f9a0051\" data-element_type=\"container\" data-settings=\"{&quot;content_width&quot;:&quot;boxed&quot;,&quot;_ha_eqh_enable&quot;:false}\" data-core-v316-plus=\"true\">\n\t\t\t\t\t<div class=\"e-con-inner\">\n\t\t\t\t<div class=\"elementor-element elementor-element-f4ea94b elementor-widget elementor-widget-spacer\" data-id=\"f4ea94b\" data-element_type=\"widget\" data-widget_type=\"spacer.default\">\n\t\t\t\t<div class=\"elementor-widget-container\">\n\t\t\t<style>\/*! elementor - v3.19.0 - 28-02-2024 *\/\n.elementor-column .elementor-spacer-inner{height:var(--spacer-size)}.e-con{--container-widget-width:100%}.e-con-inner>.elementor-widget-spacer,.e-con>.elementor-widget-spacer{width:var(--container-widget-width,var(--spacer-size));--align-self:var(--container-widget-align-self,initial);--flex-shrink:0}.e-con-inner>.elementor-widget-spacer>.elementor-widget-container,.e-con>.elementor-widget-spacer>.elementor-widget-container{height:100%;width:100%}.e-con-inner>.elementor-widget-spacer>.elementor-widget-container>.elementor-spacer,.e-con>.elementor-widget-spacer>.elementor-widget-container>.elementor-spacer{height:100%}.e-con-inner>.elementor-widget-spacer>.elementor-widget-container>.elementor-spacer>.elementor-spacer-inner,.e-con>.elementor-widget-spacer>.elementor-widget-container>.elementor-spacer>.elementor-spacer-inner{height:var(--container-widget-height,var(--spacer-size))}.e-con-inner>.elementor-widget-spacer.elementor-widget-empty,.e-con>.elementor-widget-spacer.elementor-widget-empty{position:relative;min-height:22px;min-width:22px}.e-con-inner>.elementor-widget-spacer.elementor-widget-empty .elementor-widget-empty-icon,.e-con>.elementor-widget-spacer.elementor-widget-empty .elementor-widget-empty-icon{position:absolute;top:0;bottom:0;left:0;right:0;margin:auto;padding:0;width:22px;height:22px}<\/style>\t\t<div class=\"elementor-spacer\">\n\t\t\t<div class=\"elementor-spacer-inner\"><\/div>\n\t\t<\/div>\n\t\t\t\t<\/div>\n\t\t\t\t<\/div>\n\t\t\t\t\t<\/div>\n\t\t\t\t<\/div>\n\t\t\t\t<\/div>\n\t\t","protected":false},"excerpt":{"rendered":"<p>NIEMI SOFA Mit Leidenschaft entworfen, f\u00fcr die Ewigkeit geschaffen. \u00dcBER UNS Wir kombinieren handwerkliches Fachwissen mit modernen Branchentrends und funktionalem Design und bieten einzigartige und ma\u00dfgeschneiderte M\u00f6bell\u00f6sungen. REFERENZEN<\/p>","protected":false},"author":4,"featured_media":0,"parent":0,"menu_order":0,"comment_status":"closed","ping_status":"closed","template":"","meta":{"_acf_changed":false,"footnotes":""},"class_list":["post-464","page","type-page","status-publish","hentry"],"acf":[],"yoast_head":"<!-- This site is optimized with the Yoast SEO plugin v27.0 - https:\/\/yoast.com\/product\/yoast-seo-wordpress\/ -->\n<title>Etusivu - Niemi Sofa<\/title>\n<meta name=\"robots\" content=\"index, follow, max-snippet:-1, max-image-preview:large, max-video-preview:-1\" \/>\n<link rel=\"canonical\" href=\"https:\/\/www.niemisofa.ee\/de\/\" \/>\n<meta property=\"og:locale\" content=\"de_DE\" \/>\n<meta property=\"og:type\" content=\"article\" \/>\n<meta property=\"og:title\" content=\"Etusivu - Niemi Sofa\" \/>\n<meta property=\"og:description\" content=\"NIEMI SOFA Muotoiltu intohimolla, luotu kest\u00e4v\u00e4ksi KALUSTEET JULKITILOIHIN KALUSTEET KOTIIN Yksil\u00f6llist\u00e4 valmistusta,kest\u00e4v\u00e4\u00e4 laatua Luomme ammattitaidolla ja intohimolla laadukkaita, kest\u00e4vi\u00e4 sek\u00e4 tyylikk\u00e4it\u00e4 verhoiltuja kalusteita. MEIST\u00c4 Yhdist\u00e4mme k\u00e4sity\u00f6osaamisen moderneihin alan trendeihin ja toimivaan designiin tarjoten ainutlaatuisia ja r\u00e4\u00e4t\u00e4l\u00f6ityj\u00e4 kalusteratkaisuja. REFERENSSIT\" \/>\n<meta property=\"og:url\" content=\"https:\/\/www.niemisofa.ee\/de\/\" \/>\n<meta property=\"og:site_name\" content=\"Niemi Sofa\" \/>\n<meta property=\"article:publisher\" content=\"https:\/\/www.facebook.com\/profile.php?id=61568583511594\" \/>\n<meta property=\"article:modified_time\" content=\"2024-05-14T11:27:14+00:00\" \/>\n<meta name=\"twitter:card\" content=\"summary_large_image\" \/>\n<meta name=\"twitter:label1\" content=\"Gesch\u00e4tzte Lesezeit\" \/>\n\t<meta name=\"twitter:data1\" content=\"1\u00a0Minute\" \/>\n<script type=\"application\/ld+json\" class=\"yoast-schema-graph\">{\"@context\":\"https:\/\/schema.org\",\"@graph\":[{\"@type\":\"WebPage\",\"@id\":\"https:\/\/www.niemisofa.ee\/\",\"url\":\"https:\/\/www.niemisofa.ee\/\",\"name\":\"Etusivu - Niemi Sofa\",\"isPartOf\":{\"@id\":\"https:\/\/www.niemisofa.ee\/#website\"},\"datePublished\":\"2024-02-26T09:49:48+00:00\",\"dateModified\":\"2024-05-14T11:27:14+00:00\",\"breadcrumb\":{\"@id\":\"https:\/\/www.niemisofa.ee\/#breadcrumb\"},\"inLanguage\":\"de\",\"potentialAction\":[{\"@type\":\"ReadAction\",\"target\":[\"https:\/\/www.niemisofa.ee\/\"]}]},{\"@type\":\"BreadcrumbList\",\"@id\":\"https:\/\/www.niemisofa.ee\/#breadcrumb\",\"itemListElement\":[{\"@type\":\"ListItem\",\"position\":1,\"name\":\"Home\",\"item\":\"https:\/\/www.niemisofa.ee\/\"},{\"@type\":\"ListItem\",\"position\":2,\"name\":\"Etusivu\"}]},{\"@type\":\"WebSite\",\"@id\":\"https:\/\/www.niemisofa.ee\/#website\",\"url\":\"https:\/\/www.niemisofa.ee\/\",\"name\":\"Niemi Sofa\",\"description\":\"Pehme m&ouml;&ouml;bel Eestist!\",\"publisher\":{\"@id\":\"https:\/\/www.niemisofa.ee\/#organization\"},\"potentialAction\":[{\"@type\":\"SearchAction\",\"target\":{\"@type\":\"EntryPoint\",\"urlTemplate\":\"https:\/\/www.niemisofa.ee\/?s={search_term_string}\"},\"query-input\":{\"@type\":\"PropertyValueSpecification\",\"valueRequired\":true,\"valueName\":\"search_term_string\"}}],\"inLanguage\":\"de\"},{\"@type\":\"Organization\",\"@id\":\"https:\/\/www.niemisofa.ee\/#organization\",\"name\":\"Niemi Sofa\",\"url\":\"https:\/\/www.niemisofa.ee\/\",\"logo\":{\"@type\":\"ImageObject\",\"inLanguage\":\"de\",\"@id\":\"https:\/\/www.niemisofa.ee\/#\/schema\/logo\/image\/\",\"url\":\"https:\/\/www.niemisofa.ee\/wp-content\/uploads\/2024\/02\/logo.jpg\",\"contentUrl\":\"https:\/\/www.niemisofa.ee\/wp-content\/uploads\/2024\/02\/logo.jpg\",\"width\":254,\"height\":63,\"caption\":\"Niemi Sofa\"},\"image\":{\"@id\":\"https:\/\/www.niemisofa.ee\/#\/schema\/logo\/image\/\"},\"sameAs\":[\"https:\/\/www.facebook.com\/profile.php?id=61568583511594\",\"https:\/\/www.instagram.com\/niemisofa\/\"]}]}<\/script>\n<!-- \/ Yoast SEO plugin. -->","yoast_head_json":{"title":"Titelseite - Niemi Sofa","robots":{"index":"index","follow":"follow","max-snippet":"max-snippet:-1","max-image-preview":"max-image-preview:large","max-video-preview":"max-video-preview:-1"},"canonical":"https:\/\/www.niemisofa.ee\/de\/","og_locale":"de_DE","og_type":"article","og_title":"Etusivu - Niemi Sofa","og_description":"NIEMI SOFA Muotoiltu intohimolla, luotu kest\u00e4v\u00e4ksi KALUSTEET JULKITILOIHIN KALUSTEET KOTIIN Yksil\u00f6llist\u00e4 valmistusta,kest\u00e4v\u00e4\u00e4 laatua Luomme ammattitaidolla ja intohimolla laadukkaita, kest\u00e4vi\u00e4 sek\u00e4 tyylikk\u00e4it\u00e4 verhoiltuja kalusteita. MEIST\u00c4 Yhdist\u00e4mme k\u00e4sity\u00f6osaamisen moderneihin alan trendeihin ja toimivaan designiin tarjoten ainutlaatuisia ja r\u00e4\u00e4t\u00e4l\u00f6ityj\u00e4 kalusteratkaisuja. REFERENSSIT","og_url":"https:\/\/www.niemisofa.ee\/de\/","og_site_name":"Niemi Sofa","article_publisher":"https:\/\/www.facebook.com\/profile.php?id=61568583511594","article_modified_time":"2024-05-14T11:27:14+00:00","twitter_card":"summary_large_image","twitter_misc":{"Gesch\u00e4tzte Lesezeit":"1\u00a0Minute"},"schema":{"@context":"https:\/\/schema.org","@graph":[{"@type":"WebPage","@id":"https:\/\/www.niemisofa.ee\/","url":"https:\/\/www.niemisofa.ee\/","name":"Titelseite - Niemi Sofa","isPartOf":{"@id":"https:\/\/www.niemisofa.ee\/#website"},"datePublished":"2024-02-26T09:49:48+00:00","dateModified":"2024-05-14T11:27:14+00:00","breadcrumb":{"@id":"https:\/\/www.niemisofa.ee\/#breadcrumb"},"inLanguage":"de","potentialAction":[{"@type":"ReadAction","target":["https:\/\/www.niemisofa.ee\/"]}]},{"@type":"BreadcrumbList","@id":"https:\/\/www.niemisofa.ee\/#breadcrumb","itemListElement":[{"@type":"ListItem","position":1,"name":"Home","item":"https:\/\/www.niemisofa.ee\/"},{"@type":"ListItem","position":2,"name":"Etusivu"}]},{"@type":"WebSite","@id":"https:\/\/www.niemisofa.ee\/#website","url":"https:\/\/www.niemisofa.ee\/","name":"Niemi Sofa","description":"Polsterm\u00f6bel aus Estland!","publisher":{"@id":"https:\/\/www.niemisofa.ee\/#organization"},"potentialAction":[{"@type":"SearchAction","target":{"@type":"EntryPoint","urlTemplate":"https:\/\/www.niemisofa.ee\/?s={search_term_string}"},"query-input":{"@type":"PropertyValueSpecification","valueRequired":true,"valueName":"search_term_string"}}],"inLanguage":"de"},{"@type":"Organization","@id":"https:\/\/www.niemisofa.ee\/#organization","name":"Niemi Sofa","url":"https:\/\/www.niemisofa.ee\/","logo":{"@type":"ImageObject","inLanguage":"de","@id":"https:\/\/www.niemisofa.ee\/#\/schema\/logo\/image\/","url":"https:\/\/www.niemisofa.ee\/wp-content\/uploads\/2024\/02\/logo.jpg","contentUrl":"https:\/\/www.niemisofa.ee\/wp-content\/uploads\/2024\/02\/logo.jpg","width":254,"height":63,"caption":"Niemi Sofa"},"image":{"@id":"https:\/\/www.niemisofa.ee\/#\/schema\/logo\/image\/"},"sameAs":["https:\/\/www.facebook.com\/profile.php?id=61568583511594","https:\/\/www.instagram.com\/niemisofa\/"]}]}},"_links":{"self":[{"href":"https:\/\/www.niemisofa.ee\/de\/wp-json\/wp\/v2\/pages\/464","targetHints":{"allow":["GET"]}}],"collection":[{"href":"https:\/\/www.niemisofa.ee\/de\/wp-json\/wp\/v2\/pages"}],"about":[{"href":"https:\/\/www.niemisofa.ee\/de\/wp-json\/wp\/v2\/types\/page"}],"author":[{"embeddable":true,"href":"https:\/\/www.niemisofa.ee\/de\/wp-json\/wp\/v2\/users\/4"}],"replies":[{"embeddable":true,"href":"https:\/\/www.niemisofa.ee\/de\/wp-json\/wp\/v2\/comments?post=464"}],"version-history":[{"count":376,"href":"https:\/\/www.niemisofa.ee\/de\/wp-json\/wp\/v2\/pages\/464\/revisions"}],"predecessor-version":[{"id":3663,"href":"https:\/\/www.niemisofa.ee\/de\/wp-json\/wp\/v2\/pages\/464\/revisions\/3663"}],"wp:attachment":[{"href":"https:\/\/www.niemisofa.ee\/de\/wp-json\/wp\/v2\/media?parent=464"}],"curies":[{"name":"wp","href":"https:\/\/api.w.org\/{rel}","templated":true}]}}